{"id":3,"date":"2021-02-16T15:47:18","date_gmt":"2021-02-16T15:47:18","guid":{"rendered":"https:\/\/safepaq.se\/?page_id=3"},"modified":"2024-03-28T09:15:21","modified_gmt":"2024-03-28T08:15:21","slug":"policy","status":"publish","type":"page","link":"https:\/\/safepaq.se\/en\/policy\/","title":{"rendered":"Personal data \/ GDPR"},"content":{"rendered":"<p><strong>Safepaq in collaboration with Akuthj\u00e4lpen AB<\/strong><\/p>\n\n\n\n<p>When you place an order for products, training, or newsletters, you agree that we may store and use your information to fulfill and provide the services you can expect from us in our business. All personal data processing is carried out in accordance with the General Data Protection Regulation (GDPR). The data controller is Akuthj\u00e4lpen AB. Our data protection policy covers all data collected by us, for example from our website, social media, phone or email contact, and at events\/trade shows. We may combine personal data collected in one way (e.g., via a website or business system) with personal data collected in another way.<\/p>\n\n\n\n<h3 class=\"wp-block-heading\"><strong>The information we store may include:<\/strong><\/h3>\n\n\n\n<p>Personal and contact information \u2013 name, address, email address, mobile phone number, your professional role, and your workplace.<br>Payment information \u2013 billing address, contact person, and other invoicing details.<br>Device information \u2013 e.g., language settings, browser settings, operating system, platform, and screen resolution. <br>Geographical information \u2013 your geographic location. <br>Information about products\/services\/training you have purchased or requested a quote for. The information we collect is necessary either to enter into an agreement with us, make purchases in the online store, or issue a quote or similar. Personal identification numbers are only processed in exceptional cases for certain services that require verified identity.<\/p>\n\n\n\n<h3 class=\"wp-block-heading\"><strong>The purpose of Akuthj\u00e4lpen\u2019s processing of collected personal data is to use it to<\/strong><\/h3>\n\n\n\n<p>a. Fulfill your purchases of products, training, or services from Akuthj\u00e4lpen. <br>b. Enable targeted marketing via email, SMS, and other channels based on your previous purchases or use of Akuthj\u00e4lpen\u2019s channels. <br>c. For marketing purposes, we also process your email address and\/or mobile number to gather your feedback on our services.<\/p>\n\n\n\n<h3 class=\"wp-block-heading\"><strong>Who do we share your information with?<\/strong><\/h3>\n\n\n\n<p>No information will be sold to third parties. For administrative purposes related to your purchase, we work with a number of third-party providers\/companies to facilitate your purchase. These are listed below.&nbsp;<strong>\u2013 Third party<\/strong>&nbsp;Your products may sometimes be delivered directly from the supplier, who will then need your contact information. Svebra, the Fire Protection Association, and\/or ID06 may require your information to issue certificates to you. Akuthj\u00e4lpen may transfer your personal data (email or mobile number) to companies that provide marketing services. These recipients are only permitted to process your personal data on behalf of Akuthj\u00e4lpen in connection with providing a service for Akuthj\u00e4lpen, such as sending a request for feedback or a recommendation. This is done to improve our services and\/or conduct market research. Participation in our market surveys is always voluntary.&nbsp;<strong>\u2013 Payment solutions&nbsp;<\/strong>Depending on how you choose to pay for your purchase with us, we work with several payment solutions that need to collect certain information in order to process your payment. Our payment options include invoices, card payments, and direct payments via Payson, as well as direct invoices from Akuthj\u00e4lpen.&nbsp;<strong>\u2013Shipping companies<\/strong>&nbsp;In order to deliver your goods to you quickly, efficiently, and securely, we need to provide your address and phone number to our external distributor. We use several shipping companies for our deliveries.&nbsp;<strong>\u2013 Newsletter<\/strong>&nbsp;When you have given us consent (in connection with your purchase or at another time) to send newsletters to you. For sending our newsletters, we use external services that are only given access to your email address and name that you provided when ordering products, requesting a quote, or opting in to the newsletter.<\/p>\n\n\n\n<h3 class=\"wp-block-heading\"><strong>General information about personal data processing<\/strong><\/h3>\n\n\n\n<p>All processing of personal data is carried out in accordance with the General Data Protection Regulation (GDPR). Regarding all of this information, you as a customer have the right to request that your data be deleted at any time, except for information required under the Accounting Act.<\/p>\n\n\n\n<h3 class=\"wp-block-heading\"><strong>How long do we retain your personal data?<\/strong><\/h3>\n\n\n\n<p>We retain data as long as it is necessary to fulfill the purpose for which the information was collected, or to carry out our obligations, and as long as required by statutory retention periods, particularly regarding accounting requirements. We may update or amend this policy. See the current policy on our website www.akuthjalpen.se\n under Terms of Purchase.<\/p>\n\n\n\n<h3 class=\"wp-block-heading\"><strong>Contact us<\/strong><\/h3>\n\n\n\n<p>If your personal data is processed by us, you have the right to request access to it, correction or deletion of your personal data, or restriction of processing that concerns you. You also have the right to object to our processing of your personal data to the extent permitted by applicable law, the purposes of the processing, and any agreements with you. If you have questions about how we process your personal data, which personal data we process, or are dissatisfied with how we handle your personal data, you are welcome to contact us. We have a designated person responsible for data protection matters. For questions regarding privacy and data protection, please contact our Data Protection Officer:\n\nAkuthj\u00e4lpen \u00c5re AB\nNiclas Brissman\nHallonstigen 16\n83731 J\u00e4rpen\ninfo@akuthjalpen.se<\/p>\n\n\n\n<p><\/p>\n\n\n\n<p><\/p>\n\n\n\n<p><\/p>","protected":false},"excerpt":{"rendered":"<p>Safepaq i samarbete med Akuthj\u00e4lpen AB N\u00e4r du g\u00f6r din best\u00e4llning av produkter, utbildning eller nyhetsbrev godk\u00e4nner du att vi lagrar och anv\u00e4nder dina uppgifter f\u00f6r att fullf\u00f6lja och tillhandah\u00e5lla den service som du kan f\u00f6rv\u00e4nta dig av oss i v\u00e5r verksamhet. All personuppgiftsbehandling sker i enlighet med dataskyddsf\u00f6rordningen. Personuppgiftsansvarig \u00e4r Akuthj\u00e4lpen AB. V\u00e5r dataskyddspolicy [&hellip;]<\/p>\n","protected":false},"author":3,"featured_media":0,"parent":0,"menu_order":0,"comment_status":"closed","ping_status":"open","template":"","meta":{"_et_pb_use_builder":"","_et_pb_old_content":"","_et_gb_content_width":"1080","footnotes":""},"class_list":["post-3","page","type-page","status-publish","hentry"],"_links":{"self":[{"href":"https:\/\/safepaq.se\/en\/wp-json\/wp\/v2\/pages\/3","targetHints":{"allow":["GET"]}}],"collection":[{"href":"https:\/\/safepaq.se\/en\/wp-json\/wp\/v2\/pages"}],"about":[{"href":"https:\/\/safepaq.se\/en\/wp-json\/wp\/v2\/types\/page"}],"author":[{"embeddable":true,"href":"https:\/\/safepaq.se\/en\/wp-json\/wp\/v2\/users\/3"}],"replies":[{"embeddable":true,"href":"https:\/\/safepaq.se\/en\/wp-json\/wp\/v2\/comments?post=3"}],"version-history":[{"count":4,"href":"https:\/\/safepaq.se\/en\/wp-json\/wp\/v2\/pages\/3\/revisions"}],"predecessor-version":[{"id":457,"href":"https:\/\/safepaq.se\/en\/wp-json\/wp\/v2\/pages\/3\/revisions\/457"}],"wp:attachment":[{"href":"https:\/\/safepaq.se\/en\/wp-json\/wp\/v2\/media?parent=3"}],"curies":[{"name":"wp","href":"https:\/\/api.w.org\/{rel}","templated":true}]}}